{"id":16,"date":"2024-07-03T13:04:38","date_gmt":"2024-07-03T13:04:38","guid":{"rendered":"https:\/\/ilmarislantky.com\/contact\/"},"modified":"2026-01-28T21:55:57","modified_gmt":"2026-01-28T18:55:57","slug":"contact","status":"publish","type":"page","link":"https:\/\/ilmarislantky.com\/fi\/contact\/","title":{"rendered":"Ota yhteytt\u00e4"},"content":{"rendered":"<div data-elementor-type=\"wp-page\" data-elementor-id=\"16\" class=\"elementor elementor-16\" data-elementor-post-type=\"page\">\n\t\t\t\t<div class=\"elementor-element elementor-element-f3d06b3 e-flex e-con-boxed elementor-invisible e-con e-parent\" data-id=\"f3d06b3\" data-element_type=\"container\" data-e-type=\"container\" data-settings=\"{&quot;background_background&quot;:&quot;classic&quot;,&quot;animation&quot;:&quot;fadeInUp&quot;}\">\n\t\t\t\t\t<div class=\"e-con-inner\">\n\t\t<div class=\"elementor-element elementor-element-c248003 e-flex e-con-boxed e-con e-child\" data-id=\"c248003\" data-element_type=\"container\" data-e-type=\"container\">\n\t\t\t\t\t<div class=\"e-con-inner\">\n\t\t\t\t<div class=\"elementor-element elementor-element-0cd6647 elementor-widget elementor-widget-heading\" data-id=\"0cd6647\" data-element_type=\"widget\" data-e-type=\"widget\" data-widget_type=\"heading.default\">\n\t\t\t\t<div class=\"elementor-widget-container\">\n\t\t\t\t\t<h1 class=\"elementor-heading-title elementor-size-default\">Ota yhteytt\u00e4<\/h1>\t\t\t\t<\/div>\n\t\t\t\t<\/div>\n\t\t\t\t\t<\/div>\n\t\t\t\t<\/div>\n\t\t\t\t\t<\/div>\n\t\t\t\t<\/div>\n\t\t<div class=\"elementor-element elementor-element-6753142 e-flex e-con-boxed elementor-invisible e-con e-parent\" data-id=\"6753142\" data-element_type=\"container\" data-e-type=\"container\" data-settings=\"{&quot;background_background&quot;:&quot;classic&quot;,&quot;animation&quot;:&quot;fadeInUp&quot;}\">\n\t\t\t\t\t<div class=\"e-con-inner\">\n\t\t<div class=\"elementor-element elementor-element-e6c12b6 e-con-full e-flex e-con e-child\" data-id=\"e6c12b6\" data-element_type=\"container\" data-e-type=\"container\">\n\t\t<div class=\"elementor-element elementor-element-3251d36 e-flex e-con-boxed e-con e-child\" data-id=\"3251d36\" data-element_type=\"container\" data-e-type=\"container\">\n\t\t\t\t\t<div class=\"e-con-inner\">\n\t\t<div class=\"elementor-element elementor-element-b8ab7ad e-con-full e-flex e-con e-child\" data-id=\"b8ab7ad\" data-element_type=\"container\" data-e-type=\"container\">\n\t\t\t\t<div class=\"elementor-element elementor-element-e7ad7cd elementor-widget elementor-widget-heading\" data-id=\"e7ad7cd\" data-element_type=\"widget\" data-e-type=\"widget\" data-widget_type=\"heading.default\">\n\t\t\t\t<div class=\"elementor-widget-container\">\n\t\t\t\t\t<h1 class=\"elementor-heading-title elementor-size-default\">L\u00f6yd\u00e4t meid\u00e4t<\/h1>\t\t\t\t<\/div>\n\t\t\t\t<\/div>\n\t\t\t\t<div class=\"elementor-element elementor-element-0e84bbf elementor-widget elementor-widget-text-editor\" data-id=\"0e84bbf\" data-element_type=\"widget\" data-e-type=\"widget\" data-widget_type=\"text-editor.default\">\n\t\t\t\t<div class=\"elementor-widget-container\">\n\t\t\t\t\t\t\t\t\t<p><strong>Myynti, Asiakaspalvelu ja Yleiset tiedustelut<\/strong><\/p><p>Puhelin: +358 40 125 7106<br \/>S\u00e4hk\u00f6posti: sales@ilmarislantky.com<\/p><p>\u00a0<\/p><p><strong>Sofia Magga<\/strong><\/p><p>Hallinnollinen ja Taloudellinen Johto<br \/>Puhelin: +358 40 481 0720<br \/>S\u00e4hk\u00f6posti: hallinta@ilmarislantky.com<\/p><p>\u00a0<\/p><p><strong>Sakke Slant<\/strong><\/p><p>Operatiivinen Johtaja, Rahtipalvelut<br \/>Puhelin: +358 40 521 2570<br \/>S\u00e4hk\u00f6posti: hallinta@ilmarislantky.com<\/p><p>\u00a0<\/p><p><strong>Jyrki Slant<\/strong><\/p><p>Operatiivinen Johtaja, Henkil\u00f6liikenne<br \/>Puhelin: +358 45 135 6084<br \/>S\u00e4hk\u00f6posti: hallinta@ilmarislantky.com<\/p>\t\t\t\t\t\t\t\t<\/div>\n\t\t\t\t<\/div>\n\t\t\t\t<div class=\"elementor-element elementor-element-a45bd6a elementor-widget elementor-widget-icon-box\" data-id=\"a45bd6a\" data-element_type=\"widget\" data-e-type=\"widget\" data-widget_type=\"icon-box.default\">\n\t\t\t\t<div class=\"elementor-widget-container\">\n\t\t\t\t\t\t\t<div class=\"elementor-icon-box-wrapper\">\n\n\t\t\t\n\t\t\t\t\t\t<div class=\"elementor-icon-box-content\">\n\n\t\t\t\t\t\t\t\t\t<h6 class=\"elementor-icon-box-title\">\n\t\t\t\t\t\t<span  >\n\t\t\t\t\t\t\tToimistomme\t\t\t\t\t\t<\/span>\n\t\t\t\t\t<\/h6>\n\t\t\t\t\n\t\t\t\t\t\t\t\t\t<p class=\"elementor-icon-box-description\">\n\t\t\t\t\t\tLehtolantie 2, 99870, Inari\t\t\t\t\t<\/p>\n\t\t\t\t\n\t\t\t<\/div>\n\t\t\t\n\t\t<\/div>\n\t\t\t\t\t\t<\/div>\n\t\t\t\t<\/div>\n\t\t\t\t<\/div>\n\t\t<div class=\"elementor-element elementor-element-9b35f65 e-con-full e-flex e-con e-child\" data-id=\"9b35f65\" data-element_type=\"container\" data-e-type=\"container\">\n\t\t\t\t<div class=\"elementor-element elementor-element-c2f83cf elementor-widget elementor-widget-heading\" data-id=\"c2f83cf\" data-element_type=\"widget\" data-e-type=\"widget\" data-widget_type=\"heading.default\">\n\t\t\t\t<div class=\"elementor-widget-container\">\n\t\t\t\t\t<h1 class=\"elementor-heading-title elementor-size-default\">Invoicing Information<\/h1>\t\t\t\t<\/div>\n\t\t\t\t<\/div>\n\t\t\t\t<div class=\"elementor-element elementor-element-843e7e4 elementor-widget elementor-widget-text-editor\" data-id=\"843e7e4\" data-element_type=\"widget\" data-e-type=\"widget\" data-widget_type=\"text-editor.default\">\n\t\t\t\t<div class=\"elementor-widget-container\">\n\t\t\t\t\t\t\t\t\t<h3 data-path-to-node=\"4\">1. Verkkolaskut<\/h3><ul data-path-to-node=\"5\"><li><p data-path-to-node=\"5,0,0\"><b data-path-to-node=\"5,0,0\" data-index-in-node=\"0\">Verkkolaskuosoite:<\/b> 003709496647<\/p><\/li><li><p data-path-to-node=\"5,1,0\"><b data-path-to-node=\"5,1,0\" data-index-in-node=\"0\">Operaattori:<\/b> Maventa (003721291126)<\/p><\/li><li><p data-path-to-node=\"5,2,0\"><b data-path-to-node=\"5,2,0\" data-index-in-node=\"0\">V\u00e4litt\u00e4j\u00e4tunnus (pankkiverkko):<\/b> DABAFIHH<\/p><\/li><\/ul><h3 data-path-to-node=\"6\">2. PDF-laskut s\u00e4hk\u00f6postitse<\/h3><ul data-path-to-node=\"7\"><li><p data-path-to-node=\"7,0,0\"><b data-path-to-node=\"7,0,0\" data-index-in-node=\"0\">S\u00e4hk\u00f6posti:<\/b> 09496647@scan.netvisor.fi<\/p><\/li><li><p data-path-to-node=\"7,1,0\"><b data-path-to-node=\"7,1,0\" data-index-in-node=\"0\">Ohje:<\/b> Vain PDF-tiedostoja. L\u00e4het\u00e4th\u00e4n laskun ja sen mahdolliset liitteet yhten\u00e4 PDF-tiedostona.<\/p><\/li><\/ul><h3 data-path-to-node=\"8\">3. Paperilaskut (skannauspalvelu)<\/h3><blockquote data-path-to-node=\"9\"><p data-path-to-node=\"9,0\"><b data-path-to-node=\"9,0\" data-index-in-node=\"0\">Ilmari Slant Ky<\/b> <b data-path-to-node=\"9,0\" data-index-in-node=\"16\">09496647<\/b> <b data-path-to-node=\"9,0\" data-index-in-node=\"25\">PL 100<\/b> <b data-path-to-node=\"9,0\" data-index-in-node=\"32\">80020 Kollektor Scan<\/b> <b data-path-to-node=\"9,0\" data-index-in-node=\"53\">SUOMI<\/b><\/p><\/blockquote>\t\t\t\t\t\t\t\t<\/div>\n\t\t\t\t<\/div>\n\t\t\t\t<\/div>\n\t\t\t\t\t<\/div>\n\t\t\t\t<\/div>\n\t\t\t\t<\/div>\n\t\t\t\t\t<\/div>\n\t\t\t\t<\/div>\n\t\t<div class=\"elementor-element elementor-element-4318442 e-flex e-con-boxed e-con e-parent\" data-id=\"4318442\" data-element_type=\"container\" data-e-type=\"container\">\n\t\t\t\t\t<div class=\"e-con-inner\">\n\t\t\t\t<div class=\"elementor-element elementor-element-4203916 elementor-widget elementor-widget-html\" data-id=\"4203916\" data-element_type=\"widget\" data-e-type=\"widget\" data-widget_type=\"html.default\">\n\t\t\t\t<div class=\"elementor-widget-container\">\n\t\t\t\t\t<div style=\"width:100%;height:500px;\" data-fillout-id=\"ehySuVaKy1us\" data-fillout-embed-type=\"standard\" data-fillout-inherit-parameters data-fillout-dynamic-resize><\/div><script src=\"https:\/\/server.fillout.com\/embed\/v1\/\"><\/script>\t\t\t\t<\/div>\n\t\t\t\t<\/div>\n\t\t\t\t\t<\/div>\n\t\t\t\t<\/div>\n\t\t\t\t<\/div>","protected":false},"excerpt":{"rendered":"<p>contact us You can find us at Sales, Customer Service, General Inquiries Phone: +358 40 125 7106Email: sales@ilmarislantky.com \u00a0 Sofia Magga Administrative &amp; Financial DirectorPhone: +358 40 481 0720Email: hallinta@ilmarislantky.com \u00a0 Sakke Slant Chief Operating Officer, Freight ServicesPhone: +358 40 521 2570Email: hallinta@ilmarislantky.com \u00a0 Jyrki Slant Chief Operating Officer, Passenger TransportPhone: +358 45 135 6084Email: [&hellip;]<\/p>\n","protected":false},"author":1,"featured_media":0,"parent":0,"menu_order":0,"comment_status":"closed","ping_status":"closed","template":"","meta":{"site-sidebar-layout":"no-sidebar","site-content-layout":"page-builder","ast-site-content-layout":"","site-content-style":"default","site-sidebar-style":"default","ast-global-header-display":"","ast-banner-title-visibility":"","ast-main-header-display":"","ast-hfb-above-header-display":"","ast-hfb-below-header-display":"","ast-hfb-mobile-header-display":"","site-post-title":"disabled","ast-breadcrumbs-content":"","ast-featured-img":"disabled","footer-sml-layout":"","theme-transparent-header-meta":"enabled","adv-header-id-meta":"","stick-header-meta":"","header-above-stick-meta":"","header-main-stick-meta":"","header-below-stick-meta":"","astra-migrate-meta-layouts":"default","ast-page-background-enabled":"default","ast-page-background-meta":{"desktop":{"background-color":"var(--ast-global-color-4)","background-image":"","background-repeat":"repeat","background-position":"center center","background-size":"auto","background-attachment":"scroll","background-type":"","background-media":"","overlay-type":"","overlay-color":"","overlay-opacity":"","overlay-gradient":""},"tablet":{"background-color":"","background-image":"","background-repeat":"repeat","background-position":"center center","background-size":"auto","background-attachment":"scroll","background-type":"","background-media":"","overlay-type":"","overlay-color":"","overlay-opacity":"","overlay-gradient":""},"mobile":{"background-color":"","background-image":"","background-repeat":"repeat","background-position":"center center","background-size":"auto","background-attachment":"scroll","background-type":"","background-media":"","overlay-type":"","overlay-color":"","overlay-opacity":"","overlay-gradient":""}},"ast-content-background-meta":{"desktop":{"background-color":"var(--ast-global-color-5)","background-image":"","background-repeat":"repeat","background-position":"center center","background-size":"auto","background-attachment":"scroll","background-type":"","background-media":"","overlay-type":"","overlay-color":"","overlay-opacity":"","overlay-gradient":""},"tablet":{"background-color":"var(--ast-global-color-5)","background-image":"","background-repeat":"repeat","background-position":"center center","background-size":"auto","background-attachment":"scroll","background-type":"","background-media":"","overlay-type":"","overlay-color":"","overlay-opacity":"","overlay-gradient":""},"mobile":{"background-color":"var(--ast-global-color-5)","background-image":"","background-repeat":"repeat","background-position":"center center","background-size":"auto","background-attachment":"scroll","background-type":"","background-media":"","overlay-type":"","overlay-color":"","overlay-opacity":"","overlay-gradient":""}},"footnotes":""},"class_list":["post-16","page","type-page","status-publish","hentry"],"yoast_head":"<!-- This site is optimized with the Yoast SEO plugin v27.3 - https:\/\/yoast.com\/product\/yoast-seo-wordpress\/ -->\n<title>Contact - Ilmari Slant Ky<\/title>\n<meta name=\"robots\" content=\"index, follow, max-snippet:-1, max-image-preview:large, max-video-preview:-1\" \/>\n<link rel=\"canonical\" href=\"https:\/\/ilmarislantky.com\/fi\/contact\/\" \/>\n<meta property=\"og:locale\" content=\"fi_FI\" \/>\n<meta property=\"og:type\" content=\"article\" \/>\n<meta property=\"og:title\" content=\"Contact - Ilmari Slant Ky\" \/>\n<meta property=\"og:description\" content=\"contact us You can find us at Sales, Customer Service, General Inquiries Phone: +358 40 125 7106Email: sales@ilmarislantky.com \u00a0 Sofia Magga Administrative &amp; Financial DirectorPhone: +358 40 481 0720Email: hallinta@ilmarislantky.com \u00a0 Sakke Slant Chief Operating Officer, Freight ServicesPhone: +358 40 521 2570Email: hallinta@ilmarislantky.com \u00a0 Jyrki Slant Chief Operating Officer, Passenger TransportPhone: +358 45 135 6084Email: [&hellip;]\" \/>\n<meta property=\"og:url\" content=\"https:\/\/ilmarislantky.com\/fi\/contact\/\" \/>\n<meta property=\"og:site_name\" content=\"Ilmari Slant Ky\" \/>\n<meta property=\"article:modified_time\" content=\"2026-01-28T18:55:57+00:00\" \/>\n<meta name=\"twitter:card\" content=\"summary_large_image\" \/>\n<meta name=\"twitter:label1\" content=\"Arvioitu lukuaika\" \/>\n\t<meta name=\"twitter:data1\" content=\"1 minuutti\" \/>\n<script type=\"application\/ld+json\" class=\"yoast-schema-graph\">{\"@context\":\"https:\\\/\\\/schema.org\",\"@graph\":[{\"@type\":\"WebPage\",\"@id\":\"https:\\\/\\\/ilmarislantky.com\\\/contact\\\/\",\"url\":\"https:\\\/\\\/ilmarislantky.com\\\/contact\\\/\",\"name\":\"Contact - Ilmari Slant Ky\",\"isPartOf\":{\"@id\":\"https:\\\/\\\/ilmarislantky.com\\\/#website\"},\"datePublished\":\"2024-07-03T13:04:38+00:00\",\"dateModified\":\"2026-01-28T18:55:57+00:00\",\"breadcrumb\":{\"@id\":\"https:\\\/\\\/ilmarislantky.com\\\/contact\\\/#breadcrumb\"},\"inLanguage\":\"fi\",\"potentialAction\":[{\"@type\":\"ReadAction\",\"target\":[\"https:\\\/\\\/ilmarislantky.com\\\/contact\\\/\"]}]},{\"@type\":\"BreadcrumbList\",\"@id\":\"https:\\\/\\\/ilmarislantky.com\\\/contact\\\/#breadcrumb\",\"itemListElement\":[{\"@type\":\"ListItem\",\"position\":1,\"name\":\"Home\",\"item\":\"https:\\\/\\\/ilmarislantky.com\\\/\"},{\"@type\":\"ListItem\",\"position\":2,\"name\":\"Contact\"}]},{\"@type\":\"WebSite\",\"@id\":\"https:\\\/\\\/ilmarislantky.com\\\/#website\",\"url\":\"https:\\\/\\\/ilmarislantky.com\\\/\",\"name\":\"Ilmari Slant Ky\",\"description\":\"Taxi service in Inari\",\"publisher\":{\"@id\":\"https:\\\/\\\/ilmarislantky.com\\\/#organization\"},\"potentialAction\":[{\"@type\":\"SearchAction\",\"target\":{\"@type\":\"EntryPoint\",\"urlTemplate\":\"https:\\\/\\\/ilmarislantky.com\\\/?s={search_term_string}\"},\"query-input\":{\"@type\":\"PropertyValueSpecification\",\"valueRequired\":true,\"valueName\":\"search_term_string\"}}],\"inLanguage\":\"fi\"},{\"@type\":\"Organization\",\"@id\":\"https:\\\/\\\/ilmarislantky.com\\\/#organization\",\"name\":\"Ilmari Slant Ky\",\"url\":\"https:\\\/\\\/ilmarislantky.com\\\/\",\"logo\":{\"@type\":\"ImageObject\",\"inLanguage\":\"fi\",\"@id\":\"https:\\\/\\\/ilmarislantky.com\\\/#\\\/schema\\\/logo\\\/image\\\/\",\"url\":\"https:\\\/\\\/ilmarislantky.com\\\/wp-content\\\/uploads\\\/2025\\\/05\\\/cropped-Logo-removebg-preview.png\",\"contentUrl\":\"https:\\\/\\\/ilmarislantky.com\\\/wp-content\\\/uploads\\\/2025\\\/05\\\/cropped-Logo-removebg-preview.png\",\"width\":500,\"height\":500,\"caption\":\"Ilmari Slant Ky\"},\"image\":{\"@id\":\"https:\\\/\\\/ilmarislantky.com\\\/#\\\/schema\\\/logo\\\/image\\\/\"}}]}<\/script>\n<!-- \/ Yoast SEO plugin. -->","yoast_head_json":{"title":"Contact - Ilmari Slant Ky","robots":{"index":"index","follow":"follow","max-snippet":"max-snippet:-1","max-image-preview":"max-image-preview:large","max-video-preview":"max-video-preview:-1"},"canonical":"https:\/\/ilmarislantky.com\/fi\/contact\/","og_locale":"fi_FI","og_type":"article","og_title":"Contact - Ilmari Slant Ky","og_description":"contact us You can find us at Sales, Customer Service, General Inquiries Phone: +358 40 125 7106Email: sales@ilmarislantky.com \u00a0 Sofia Magga Administrative &amp; Financial DirectorPhone: +358 40 481 0720Email: hallinta@ilmarislantky.com \u00a0 Sakke Slant Chief Operating Officer, Freight ServicesPhone: +358 40 521 2570Email: hallinta@ilmarislantky.com \u00a0 Jyrki Slant Chief Operating Officer, Passenger TransportPhone: +358 45 135 6084Email: [&hellip;]","og_url":"https:\/\/ilmarislantky.com\/fi\/contact\/","og_site_name":"Ilmari Slant Ky","article_modified_time":"2026-01-28T18:55:57+00:00","twitter_card":"summary_large_image","twitter_misc":{"Arvioitu lukuaika":"1 minuutti"},"schema":{"@context":"https:\/\/schema.org","@graph":[{"@type":"WebPage","@id":"https:\/\/ilmarislantky.com\/contact\/","url":"https:\/\/ilmarislantky.com\/contact\/","name":"Contact - Ilmari Slant Ky","isPartOf":{"@id":"https:\/\/ilmarislantky.com\/#website"},"datePublished":"2024-07-03T13:04:38+00:00","dateModified":"2026-01-28T18:55:57+00:00","breadcrumb":{"@id":"https:\/\/ilmarislantky.com\/contact\/#breadcrumb"},"inLanguage":"fi","potentialAction":[{"@type":"ReadAction","target":["https:\/\/ilmarislantky.com\/contact\/"]}]},{"@type":"BreadcrumbList","@id":"https:\/\/ilmarislantky.com\/contact\/#breadcrumb","itemListElement":[{"@type":"ListItem","position":1,"name":"Home","item":"https:\/\/ilmarislantky.com\/"},{"@type":"ListItem","position":2,"name":"Contact"}]},{"@type":"WebSite","@id":"https:\/\/ilmarislantky.com\/#website","url":"https:\/\/ilmarislantky.com\/","name":"Ilmari Slant Ky","description":"Taksipalvelu Inarissa","publisher":{"@id":"https:\/\/ilmarislantky.com\/#organization"},"potentialAction":[{"@type":"SearchAction","target":{"@type":"EntryPoint","urlTemplate":"https:\/\/ilmarislantky.com\/?s={search_term_string}"},"query-input":{"@type":"PropertyValueSpecification","valueRequired":true,"valueName":"search_term_string"}}],"inLanguage":"fi"},{"@type":"Organization","@id":"https:\/\/ilmarislantky.com\/#organization","name":"Ilmari Slant Ky","url":"https:\/\/ilmarislantky.com\/","logo":{"@type":"ImageObject","inLanguage":"fi","@id":"https:\/\/ilmarislantky.com\/#\/schema\/logo\/image\/","url":"https:\/\/ilmarislantky.com\/wp-content\/uploads\/2025\/05\/cropped-Logo-removebg-preview.png","contentUrl":"https:\/\/ilmarislantky.com\/wp-content\/uploads\/2025\/05\/cropped-Logo-removebg-preview.png","width":500,"height":500,"caption":"Ilmari Slant Ky"},"image":{"@id":"https:\/\/ilmarislantky.com\/#\/schema\/logo\/image\/"}}]}},"_links":{"self":[{"href":"https:\/\/ilmarislantky.com\/fi\/wp-json\/wp\/v2\/pages\/16","targetHints":{"allow":["GET"]}}],"collection":[{"href":"https:\/\/ilmarislantky.com\/fi\/wp-json\/wp\/v2\/pages"}],"about":[{"href":"https:\/\/ilmarislantky.com\/fi\/wp-json\/wp\/v2\/types\/page"}],"author":[{"embeddable":true,"href":"https:\/\/ilmarislantky.com\/fi\/wp-json\/wp\/v2\/users\/1"}],"replies":[{"embeddable":true,"href":"https:\/\/ilmarislantky.com\/fi\/wp-json\/wp\/v2\/comments?post=16"}],"version-history":[{"count":124,"href":"https:\/\/ilmarislantky.com\/fi\/wp-json\/wp\/v2\/pages\/16\/revisions"}],"predecessor-version":[{"id":5535,"href":"https:\/\/ilmarislantky.com\/fi\/wp-json\/wp\/v2\/pages\/16\/revisions\/5535"}],"wp:attachment":[{"href":"https:\/\/ilmarislantky.com\/fi\/wp-json\/wp\/v2\/media?parent=16"}],"curies":[{"name":"wp","href":"https:\/\/api.w.org\/{rel}","templated":true}]}}